{"id":11,"date":"2023-11-06T09:00:04","date_gmt":"2023-11-06T09:00:04","guid":{"rendered":"https:\/\/ttautoservice.me\/mn\/?page_id=11"},"modified":"2024-11-26T13:20:41","modified_gmt":"2024-11-26T13:20:41","slug":"o_nama","status":"publish","type":"page","link":"https:\/\/ttautoservice.me\/mn\/o_nama\/","title":{"rendered":"O nama"},"content":{"rendered":"<section class=\"ftco-section\" style=\"padding-bottom: 2em\">\n    <div class=\"container\">\n        <div class=\"row justify-content-center\">\n            <div class=\"col-md-12\">\n                    <div class=\"row no-gutters service-description-block\">\n                        <div class=\"col-lg-5 d-flex align-items-stretch \">\n                            <div class=\"heading-section bg-primary w-100\" style=\"background: #ffffff!important; padding: 0 48px 30px;\">\n                                <div class=\"w-100 pb-3\">\n                                    <p class=\"subheading\">Na\u0161 put<\/p>\n                                <\/div>\n                                <div class=\"pb-2\" style=\"margin-top: -30px;\">\n                                    <h2>Istorija i misija kompanije<\/h2>\n                                <\/div>\n                                <div class=\"w-100 pb-1 mb-3 text-main\">\n                                    <p>\n                                        Osnovan 2013. godine, auto servis \u201cTri Tona\u201d zapo\u010deo je kao specijalizovana stanica za limariju i farbanje automobila. Zahvaljuju\u0107i uspe\u0161nom razvoju i visokom nivou usluge, pro\u0161irili smo svoje mogu\u0107nosti otvaranjem mehani\u010darske radionice. To nam je omogu\u0107ilo da pru\u017eamo kompletan spektar usluga popravke vozila.\n                                    <\/p>\n                                    <p>\n                                        Tokom 11 godina rada, stekli smo poverenje brojnih privatnih i korporativnih klijenata, kao i osiguravaju\u0107ih kompanija u Crnoj Gori. Na\u0161i principi su visok kvalitet rada i striktno po\u0161tovanje rokova, \u0161to je temelj na\u0161e reputacije.\n                                    <\/p>\n                                    <p>\n                                        Na\u0161a misija je pru\u017eanje vrhunskih usluga popravke i odr\u017eavanja, uz garantovanje bezbednosti i komfora na\u0161ih klijenata na putu. Te\u017eimo da svaki automobil servisiran u na\u0161em centru bude pouzdan, a da na\u0161i klijenti budu sigurni u na\u0161 profesionalan i po\u0161ten pristup re\u0161avanju njihovih problema\u00a0sa\u00a0vozilom.\n                                    <\/p>\n                                <\/div>\n                            <\/div>\n                        <\/div>\n                        <div class=\"col-lg-7 d-flex order-first order-md-last\">\n                            <div class=\"about-us-img ar-3-4\" style=\"background-image:url(https:\/\/ttautoservice.me\/mn\/wp-content\/uploads\/2024\/02\/tt_001.jpg);\"><\/div>\n                        <\/div>\n                    <\/div>\n            <\/div>\n        <\/div>\n    <\/div>\n<\/section>\n<section class=\"ftco-section\" style=\"padding-bottom: 3em\">\n    <div class=\"container\">\n        <div class=\"row justify-content-center\">\n            <div class=\"col-md-12\">\n                <!--div class=\"wrapper\"-->\n                    <div class=\"row no-gutters service-description-block\">\n                        <div class=\"col-lg-5 d-flex order-first\">\n                            <div class=\"about-us-img ar-3-4\" style=\"background-image:url(https:\/\/ttautoservice.me\/mn\/wp-content\/uploads\/2024\/02\/about-us6.jpg);\"><\/div>\n                        <\/div>\n                        <div class=\"col-lg-7\">\n                            <div class=\"heading-section bg-primary w-100\" style=\"background: #ffffff!important; padding: 0 48px 30px;\">\n                                <div class=\"w-100 pb-3\">\n                                    <p class=\"subheading\">Za\u0161to mi?<\/p>\n                                <\/div>\n                                <div class=\"pb-2\" style=\"margin-top: -30px;\">\n                                    <h2>Na\u0161e prednosti<\/h2>\n                                <\/div>\n                                <div class=\"w-100 pb-1 mb-3 text-main\">\n                                    <p>\n                                        At &#8220;Tri Tona&#8221; auto service, we strive to provide our clients with the best conditions for servicing their vehicles. Our main advantages include:\n                                    <\/p>\n\n                                    <p>\n                                        U auto servisu Tri Tona trudimo se da na\u0161im klijentima pru\u017eimo najbolje uslove za servisiranje njihovih automobila. Na\u0161e glavne prednosti uklju\u010duju:\t\n\u2022\tVisok kvalitet radova \u2014 Koristimo samo proverene i sertifikovane materijale, a na\u0161i majstori imaju dugogodi\u0161nje iskustvo u oblasti popravke automobila.\n\u2022\tSavremena oprema \u2014 Opremljeni smo naprednim dijagnosti\u010dkim i reparativnim sistemima, \u0161to nam omogu\u0107ava da radove obavljamo sa maksimalnom precizno\u0161\u0107u i efikasno\u0161\u0107u.\n\u2022\tProfesionalan pristup \u2014 Na\u0161 tim \u010dine profesionalci koji svakom automobilu pristupaju s pa\u017enjom prema detaljima i pridr\u017eavaju se svih preporuka proizvo\u0111a\u010da radi osiguravanja dugog veka vozila.\n\u2022\t\u0160irok spektar usluga \u2014 Nudimo kompletan set usluga popravke i odr\u017eavanja automobila, uklju\u010duju\u0107i dijagnostiku, limarske radove, farbanje, poliranje, monta\u017eu guma, postavljanje za\u0161titne folije i kerami\u010dkog premaza, zamenu ulja, servis klima ure\u0111aja, mehani\u010darske radove, izbor i naru\u010divanje rezervnih delova, popravku elektrike i elektronike, defekta\u017eu i procenu \u0161tete.\n\u2022\tGarancija na radove \u2014 Dajemo garanciju na sve vrste izvr\u0161enih radova, uklju\u010duju\u0107i jednogodi\u0161nju garanciju na lakiranje.\n\u2022\tBriga o klijentima \u2014 Vodimo ra\u010duna o svakom vozilu na\u0161ih klijenata, a sva vozila koja se nalaze na teritoriji auto servisa osigurana su od \u0161tete.\n\u2022\tIskrenost i transparentnost \u2014 Uvek smo otvoreni sa na\u0161im klijentima, pru\u017eamo potpune informacije o potrebnim radovima i tro\u0161kovima usluga kako bismo izbegli neo\u010dekivane tro\u0161kove.\n\u2022\tIndividualan pristup \u2014 Uzimamo u obzir potrebe svakog klijenta i biramo optimalna re\u0161enja za popravku i odr\u017eavanje automobila.\n\u2022\tSaradnja sa osiguravaju\u0107im kompanijama \u2014 Uspe\u0161no sara\u0111ujemo sa osiguravaju\u0107im kompanijama u Crnoj Gori, \u0161to nam omogu\u0107ava da brzo i profesionalno obavljamo popravke po osnovu\u00a0osiguranja.\n                                    <\/p>\n                                <\/div>\n                            <\/div>\n                        <\/div>\n                    <\/div>\n            <\/div>\n        <\/div>\n    <\/div>\n<\/section>\n\n<section class=\"ftco-section testimony-section bg-light\">\n    <div class=\"container\">\n        <div class=\"row justify-content-center pb-5 mb-3\">\n            <div class=\"col-md-7 heading-section heading-section-white text-center ftco-animate\">\n                <span class=\"subheading\" style=\"color: #f79f24;\">Recenzije<\/span>\n                <h2>Na\u0161i Klijenti i Njihovi Utisci<\/h2>\n            <\/div>\n        <\/div>\n        <div class=\"row ftco-animate\">\n            <div class=\"col-md-12\">\n                <div class=\"carousel-testimony owl-carousel ftco-owl\">\n                    <div class=\"item\">\n                        <a href=\"https:\/\/maps.app.goo.gl\/u398R15q56PhPhnY6\" target=\"_blanc\" rel=\"noopener\">\n                            <div class=\"testimony-wrap py-4\">\n                                <div class=\"icon d-flex align-items-center justify-content-center\"><span\n                                        class=\"fa fa-quote-left\"><\/span><\/div>\n                                <div class=\"text\" style=\"min-height: 230px; display: grid;\">\n                                    <p class=\"mb-4\" style=\"color:gray;\">Odli\u010dna usluga i veoma kvalitetno farbanje. Ovde sam farbao delove za svoj motor. Sve su odradili brzo i veoma dobro. Toplo preporu\u010dujem.<\/p>\n                                    <div class=\"d-flex align-items-center\" style=\"position: absolute; bottom: 20px;\">\n                                        <div class=\"user-img\" style=\"background-image: url(https:\/\/ttautoservice.me\/mn\/wp-content\/uploads\/2024\/02\/back_aleksey_ryabinkin.png)\"><\/div>\n                                        <div class=\"pl-3\">\n                                            <p class=\"name\">Aleksey Ryabinkin<\/p>\n                                        <\/div>\n                                    <\/div>\n                                <\/div>\n                            <\/div>\n                        <\/a>\n                    <\/div>\n                    <div class=\"item\">\n                        <a href=\"https:\/\/maps.app.goo.gl\/yQPDjw4iE74v9jw96\" target=\"_blanc\" rel=\"noopener\">\n                            <div class=\"testimony-wrap py-4\">\n                                <div class=\"icon d-flex align-items-center justify-content-center\"><span\n                                        class=\"fa fa-quote-left\"><\/span><\/div>\n                                <div class=\"text\" style=\"min-height: 230px; display: grid;\">\n                                    <p class=\"mb-4\" style=\"color:gray;\">Najbolji u svom poslu. Nude kompletan spektar usluga: farbanje, popravke, presvla\u010denje, rezervni delovi i jo\u0161 mnogo toga. Toplo preporu\u010dujem.<\/p>\n                                    <div class=\"d-flex align-items-center\" style=\"position: absolute; bottom: 20px;\">\n                                        <div class=\"user-img\" style=\"background-image: url(https:\/\/ttautoservice.me\/mn\/wp-content\/uploads\/2024\/02\/back_mark_frolov.png)\"><\/div>\n                                        <div class=\"pl-3\">\n                                            <p class=\"name\">Mark Frolov<\/p>\n                                        <\/div>\n                                    <\/div>\n                                <\/div>\n                            <\/div>\n                        <\/a>\n                    <\/div>\n                    <div class=\"item\">\n                        <a href=\"https:\/\/maps.app.goo.gl\/8h79GQSzx3zuqjzV7\" target=\"_blanc\" rel=\"noopener\">\n                            <div class=\"testimony-wrap py-4\">\n                                <div class=\"icon d-flex align-items-center justify-content-center\"><span\n                                        class=\"fa fa-quote-left\"><\/span><\/div>\n                                <div class=\"text\" style=\"min-height: 230px; display: grid;\">\n                                    <p class=\"mb-4\" style=\"color:gray;\">Odli\u010dan auto-servis, sada idem samo kod njih. Cene su korektne, a rad (ulje, ko\u010dnice, diskovi) besprekorno odra\u0111en. Tokom popravki mo\u017eete udobno raditi u klimatizovanoj kancelariji.<\/p>\n                                    <div class=\"d-flex align-items-center\" style=\"position: absolute; bottom: 20px;\">\n                                        <div class=\"user-img\" style=\"background-image: url(https:\/\/lh3.googleusercontent.com\/a-\/ALV-UjXPzp_g8cTUU_UWToMg2EgtPuoq3E_iD5X0aip8zWbuqNj9SsjO=w36-h36-p-rp-mo-br100)\"><\/div>\n                                        <div class=\"pl-3\">\n                                            <p class=\"name\">Stanis<\/p>\n                                        <\/div>\n                                    <\/div>\n                                <\/div>\n                            <\/div>\n                        <\/a>\n                    <\/div>\n                    <div class=\"item\">\n                        <a href=\"https:\/\/maps.app.goo.gl\/A72rokvYKP8Zu3PNA\" target=\"_blanc\" rel=\"noopener\">\n                            <div class=\"testimony-wrap py-4\">\n                                <div class=\"icon d-flex align-items-center justify-content-center\"><span\n                                        class=\"fa fa-quote-left\"><\/span><\/div>\n                                <div class=\"text\" style=\"min-height: 230px; display: grid;\">\n                                    <p class=\"mb-4\" style=\"color:gray;\">Obratio sam se momcima za servis svog Audija A3 (zamena ulja, filtera, ulje u menja\u010du) i uklanjanje udubljenja od grada. Sve su odradili vrlo brzo i VEOMA profesionalno. Zadovoljan sam rezultatom.<\/p>\n                                    <div class=\"d-flex align-items-center\" style=\"position: absolute; bottom: 20px;\">\n                                        <div class=\"user-img\" style=\"background-image: url(https:\/\/ttautoservice.me\/mn\/wp-content\/uploads\/2024\/02\/back_slavik_navs.png)\"><\/div>\n                                        <div class=\"pl-3\">\n                                            <p class=\"name\">Slavik Navs<\/p>\n                                        <\/div>\n                                    <\/div>\n                                <\/div>\n                            <\/div>\n                        <\/a>\n                    <\/div>\n                    <div class=\"item\">\n                        <a href=\"https:\/\/maps.app.goo.gl\/E9sNd2GZf3mdPJuy8\" target=\"_blanc\" rel=\"noopener\">\n                            <div class=\"testimony-wrap py-4\">\n                                <div class=\"icon d-flex align-items-center justify-content-center\"><span\n                                        class=\"fa fa-quote-left\"><\/span><\/div>\n                                <div class=\"text\" style=\"min-height: 230px; display: grid;\">\n                                    <p class=\"mb-4\" style=\"color:gray;\">Popravljam sva svoja vozila samo u ovom servisu! Momci, najbolji ste!!!<\/p>\n                                    <div class=\"d-flex align-items-center\" style=\"position: absolute; bottom: 20px;\">\n                                        <div class=\"user-img\" style=\"background-image: url(https:\/\/ttautoservice.me\/mn\/wp-content\/uploads\/2024\/02\/back_maria_potter.png)\"><\/div>\n                                        <div class=\"pl-3\">\n                                            <p class=\"name\">Mariia Pottier<\/p>\n                                        <\/div>\n                                    <\/div>\n                                <\/div>\n                            <\/div>\n                        <\/a>\n                    <\/div>\n                <\/div>\n            <\/div>\n        <\/div>\n    <\/div>\n<\/section>\n<section class=\"ftco-section\">\n    <div class=\"container\">\n        <div class=\"row justify-content-center pb-5 mb-3\">\n            <div class=\"col-md-7 heading-section text-center ftco-animate\">\n                <span class=\"subheading\">Profesionalci u svom poslu<\/span>\n                <h2>Na\u0161 Tim<\/h2>\n            <\/div>\n        <\/div>\n        <div class=\"row\">\n            <div class=\"col-md-6 col-lg-3 ftco-animate\">\n                <div class=\"block-7\">\n                    <div class=\"text-center\">\n                        <div class=\"about-team-foto\" style=\"background-image:url(https:\/\/ttautoservice.me\/mn\/wp-content\/uploads\/2024\/02\/team-4-1.jpg);\">\n                        <\/div>\n                        <div class=\"team-name\">\n                            <h4>Ruzanna<\/h4>\n                        <\/div>\n                        <div class=\"pricing-text\">\n                            <p>Direktorka<\/p>\n                        <\/div>\n                    <\/div>\n                <\/div>\n            <\/div>\n            <div class=\"col-md-6 col-lg-3 ftco-animate\">\n                <div class=\"block-7\">\n                    <div class=\"text-center\">\n                        <div class=\"about-team-foto\" style=\"background-image:url(https:\/\/ttautoservice.me\/mn\/wp-content\/uploads\/2024\/02\/team-6.jpg);\">\n                        <\/div>\n                        <div class=\"team-name\">\n                            <h4>Dmitry<\/h4>\n                        <\/div>\n                        <div class=\"pricing-text\">\n                            <p>\u0160ef radionice<\/p>\n                        <\/div>\n                    <\/div>\n                <\/div>\n            <\/div>\n            <div class=\"col-md-6 col-lg-3 ftco-animate\">\n                <div class=\"block-7\">\n                    <div class=\"text-center\">\n                        <div class=\"about-team-foto\" style=\"background-image:url(https:\/\/ttautoservice.me\/mn\/wp-content\/uploads\/2024\/02\/team-7-1.jpg);\">\n                        <\/div>\n                        <div class=\"team-name\">\n                            <h4>Alexander<\/h4>\n                        <\/div>\n                        <div class=\"pricing-text\">\n                            <p>\u0160ef limarske radionice<\/p>\n                        <\/div>\n                    <\/div>\n                <\/div>\n            <\/div>\n            <div class=\"col-md-6 col-lg-3 ftco-animate\">\n                <div class=\"block-7\">\n                    <div class=\"text-center\">\n                        <div class=\"about-team-foto\" style=\"background-image:url(https:\/\/ttautoservice.me\/mn\/wp-content\/uploads\/2024\/02\/team-3-1.jpg);\">\n                        <\/div>\n                        <div class=\"team-name\">\n                            <h4>Nikolay<\/h4>\n                        <\/div>\n                        <div class=\"pricing-text\">\n                            <p>Mehani\u010dar<\/p>\n                        <\/div>\n                    <\/div>\n                <\/div>\n            <\/div>\n        <\/div>\n        \n        <div class=\"row\">\n            <div class=\"col-md-6 col-lg-3 ftco-animate\">\n                <div class=\"block-7\">\n                    <div class=\"text-center\">\n                        <div class=\"about-team-foto\" style=\"background-image:url(https:\/\/ttautoservice.me\/mn\/wp-content\/uploads\/2024\/02\/team-1.jpg);\">\n                        <\/div>\n                        <div class=\"team-name\">\n                            <h4>Alexander<\/h4>\n                        <\/div>\n                        <div class=\"pricing-text\">\n                            <p>Farbar<\/p>\n                        <\/div>\n                    <\/div>\n                <\/div>\n            <\/div>\n            <div class=\"col-md-6 col-lg-3 ftco-animate\">\n                <div class=\"block-7\">\n                    <div class=\"text-center\">\n                        <div class=\"about-team-foto\" style=\"background-image:url(https:\/\/ttautoservice.me\/mn\/wp-content\/uploads\/2024\/02\/team-2.jpg);\">\n                        <\/div>\n                        <div class=\"team-name\">\n                            <h4>Dmitry<\/h4>\n                        <\/div>\n                        <div class=\"pricing-text\">\n                            <p>Mehani\u010dar<\/p>\n                        <\/div>\n                    <\/div>\n                <\/div>\n            <\/div>\n            <div class=\"col-md-6 col-lg-3 ftco-animate\">\n                <div class=\"block-7\">\n                    <div class=\"text-center\">\n                        <div class=\"about-team-foto\" style=\"background-image:url(https:\/\/ttautoservice.me\/mn\/wp-content\/uploads\/2024\/02\/team-8.jpg);\">\n                        <\/div>\n                        <div class=\"team-name\">\n                            <h4>Aleksey<\/h4>\n                        <\/div>\n                        <div class=\"pricing-text\">\n                            <p>Limar\/Farbar<\/p>\n                        <\/div>\n                    <\/div>\n                <\/div>\n            <\/div>\n            <div class=\"col-md-6 col-lg-3 ftco-animate\">\n                <div class=\"block-7\">\n                    <div class=\"text-center\">\n                        <div class=\"about-team-foto\" style=\"background-image:url(https:\/\/ttautoservice.me\/mn\/wp-content\/uploads\/2024\/02\/team-5.jpg);\">\n                        <\/div>\n                        <div class=\"team-name\">\n                            <h4>Dmitry<\/h4>\n                        <\/div>\n                        <div class=\"pricing-text\">\n                            <p>Specijalista za klimatizaciju<\/p>\n                        <\/div>\n                    <\/div>\n                <\/div>\n            <\/div>\n        <\/div>\n    <\/div>\n<\/section>\n\n\n","protected":false},"excerpt":{"rendered":" [&#8230;]<p><a class=\"btn btn-secondary understrap-read-more-link\" href=\"https:\/\/ttautoservice.me\/mn\/o_nama\/\">Read More&#8230;<span class=\"screen-reader-text\"> from O nama<\/span><\/a><\/p>","protected":false},"author":1,"featured_media":612,"parent":0,"menu_order":0,"comment_status":"closed","ping_status":"closed","template":"","meta":{"footnotes":""},"class_list":["post-11","page","type-page","status-publish","has-post-thumbnail","hentry"],"_links":{"self":[{"href":"https:\/\/ttautoservice.me\/mn\/wp-json\/wp\/v2\/pages\/11","targetHints":{"allow":["GET"]}}],"collection":[{"href":"https:\/\/ttautoservice.me\/mn\/wp-json\/wp\/v2\/pages"}],"about":[{"href":"https:\/\/ttautoservice.me\/mn\/wp-json\/wp\/v2\/types\/page"}],"author":[{"embeddable":true,"href":"https:\/\/ttautoservice.me\/mn\/wp-json\/wp\/v2\/users\/1"}],"replies":[{"embeddable":true,"href":"https:\/\/ttautoservice.me\/mn\/wp-json\/wp\/v2\/comments?post=11"}],"version-history":[{"count":65,"href":"https:\/\/ttautoservice.me\/mn\/wp-json\/wp\/v2\/pages\/11\/revisions"}],"predecessor-version":[{"id":806,"href":"https:\/\/ttautoservice.me\/mn\/wp-json\/wp\/v2\/pages\/11\/revisions\/806"}],"wp:featuredmedia":[{"embeddable":true,"href":"https:\/\/ttautoservice.me\/mn\/wp-json\/wp\/v2\/media\/612"}],"wp:attachment":[{"href":"https:\/\/ttautoservice.me\/mn\/wp-json\/wp\/v2\/media?parent=11"}],"curies":[{"name":"wp","href":"https:\/\/api.w.org\/{rel}","templated":true}]}}