{"id":39,"date":"2023-11-07T13:19:45","date_gmt":"2023-11-07T13:19:45","guid":{"rendered":"https:\/\/ttautoservice.me\/mn\/?page_id=39"},"modified":"2024-11-28T10:07:18","modified_gmt":"2024-11-28T10:07:18","slug":"cenovnik-mehanika","status":"publish","type":"page","link":"https:\/\/ttautoservice.me\/mn\/cenovnik-mehanika\/","title":{"rendered":"Mehanika"},"content":{"rendered":"<section class=\"ftco-section bg-light\">\n    <div class=\"container\">\n        <div class=\"row justify-content-center pb-5 mb-3\">\n            <div class=\"col-md-7 heading-section text-center ftco-animate\">\n                <span class=\"subheading\">CENOVNIK<\/span>\n                <h2>Mehanika<\/h2>\n            <\/div>\n        <\/div>\n        <div class=\"row\">\n            <div class=\"col-12 ftco-animate\">\n                <div class=\"table-container\">\n                    <table class=\"price-list mehanica\">\n                    <thead>\n                      <tr>\n                        <th colspan=\"2\">Odr\u017eavanje<\/th>\n                      <\/tr>\n                    <\/thead>\n                    <tbody>\n                      <tr>\n                        <td>Zamjena ulja i filtera ulja, dodatni radovi<\/td>\n                        <td>20 \u20ac<\/td>\n                      <\/tr>\n                      <tr>\n                        <td>Kompletno odr\u017eavanje: Zamena ulja, filtera, pregled i provera funkcionalnosti mehani\u010dkih i elektri\u010dnih sistema. Preporu\u010duje se jednom godi\u0161nje ili na svakih 10-15 hiljada km<\/td>\n                        <td>50 \u20ac<\/td>\n                      <\/tr>\n                      <tr>\n                        <td>Zamena ulja i filtera za automatski menja\u010d<\/td>\n                        <td>od 60 \u20ac<\/td>\n                      <\/tr>\n                      <tr>\n                        <td>Zamjena le\u017eaja to\u010dka<\/td>\n                        <td>od 60 \u20ac<\/td>\n                      <\/tr>\n                      <tr>\n                        <td>Zamjena amortizera<\/td>\n                        <td>od 30 \u20ac<\/td>\n                      <\/tr>\n                      <tr>\n                        <td>Zamena silent bloka na demontiranoj vilju\u0161ci<\/td>\n                        <td>10 \u20ac<\/td>\n                      <\/tr>\n                      <tr>\n                        <td>Skidanje\/postavljanje vilju\u0161ke ve\u0161anja<\/td>\n                        <td>od 20 \u20ac<\/td>\n                      <\/tr>\n                      <tr>\n                        <td>Zamena stabilizatorske \u0161ipke<\/td>\n                        <td>20 \u20ac<\/td>\n                      <\/tr>\n                      <tr>\n                        <td>Zamjena kugle<\/td>\n                        <td>20 \u20ac<\/td>\n                      <\/tr>\n                      <tr>\n                        <td>Zamjena svje\u0107ica<\/td>\n                        <td>10 \u20ac<\/td>\n                      <\/tr>\n\n                      <tr class=\"section\">\n                        <td colspan=\"2\">Radovi na motoru<\/td>\n                      <\/tr>\n                      <tr>\n                        <td>Demonta\u017ea\/monta\u017ea ili zamena motora<\/td>\n                        <td>od 500 \u20ac<\/td>\n                      <\/tr>\n                      <tr>\n                        <td>Zamjena nosa\u010da motora<\/td>\n                        <td>od 20 \u20ac<\/td>\n                      <\/tr>\n                      <tr>\n                        <td>Zamjena lanca razvodnika<\/td>\n                        <td>od 250 \u20ac<\/td>\n                      <\/tr>\n                      <tr>\n                        <td>Zamjena pumpe za vodu<\/td>\n                        <td>od 60 \u20ac<\/td>\n                      <\/tr>\n                      <tr>\n                        <td>Zamjena semeringa radilice<\/td>\n                        <td>od 40 \u20ac<\/td>\n                      <\/tr>\n                      <tr>\n                        <td>Skidanje\/postavljanje glave motora<\/td>\n                        <td>od 600 \u20ac<\/td>\n                      <\/tr>\n                      <tr>\n                        <td>Zamena dihtunga poklopca ventila<\/td>\n                        <td>od 40 \u20ac<\/td>\n                      <\/tr>\n                      <tr>\n                        <td>Zamjena turbine<\/td>\n                        <td>od 120 \u20ac<\/td>\n                      <\/tr>\n                      <tr>\n                        <td>Zamena pogonskog kai\u0161a<\/td>\n                        <td>od 30 \u20ac<\/td>\n                      <\/tr>\n                      <tr>\n                        <td>Zamena dizni<\/td>\n                        <td>od 20 \u20ac<\/td>\n                      <\/tr>\n                      <tr>\n                        <td>Zamena dihtunga kartera<\/td>\n                        <td>od 60 \u20ac<\/td>\n                      <\/tr>\n                      <tr>\n                        <td>Zamena bobine<\/td>\n                        <td>od 5 \u20ac<\/td>\n                      <\/tr>\n\n                      <tr class=\"section\">\n                        <td colspan=\"2\">Izduvni sistem<\/td>\n                      <\/tr>\n                      <tr>\n                        <td>Zamjena katalizatora<\/td>\n                        <td>od 200 \u20ac<\/td>\n                      <\/tr>\n                      <tr>\n                        <td>\u010ci\u0161\u0107enje filtera \u010destica (sa skidanjem i postavljanjem)<\/td>\n                        <td>od 200 \u20ac<\/td>\n                      <\/tr>\n                      <tr>\n                        <td>Zamena lonca auspuha<\/td>\n                        <td>od 50 \u20ac<\/td>\n                      <\/tr>\n                      <tr>\n                        <td>Zamena fleksibilne cevi auspuha<\/td>\n                        <td>od 100 \u20ac<\/td>\n                      <\/tr>\n\n                      <tr class=\"section\">\n                        <td colspan=\"2\">Klima i klima ure\u0111aji<\/td>\n                      <\/tr>\n                      <tr>\n                        <td>Punjenje, vakuumiranje i test na curenje (do 700 grama)<\/td>\n                        <td>40 \u20ac<\/td>\n                      <\/tr>\n                      <tr>\n                        <td>Punjenje, vakuumiranje i test na curenje (do 1100 grama)<\/td>\n                        <td>80 \u20ac<\/td>\n                      <\/tr>\n                      <tr>\n                        <td>Detekcija curenja, testiranje pritiska<\/td>\n                        <td>20 \u20ac<\/td>\n                      <\/tr>\n                      <tr>\n                        <td>Dijagnostika<\/td>\n                        <td>od 20 \u20ac<\/td>\n                      <\/tr>\n                      <tr>\n                        <td>Tretman protiv gljivica u sistemu klime<\/td>\n                        <td>35 \u20ac<\/td>\n                      <\/tr>\n                      <tr>\n                        <td>Povla\u010denje freona za demonta\u017eu kondenzatora ili kompresora klime<\/td>\n                        <td>20 \u20ac<\/td>\n                      <\/tr>\n\n                      <tr class=\"section\">\n                        <td colspan=\"2\">Vulkanizerske usluge<\/td>\n                      <\/tr>\n                      <tr>\n                        <td>Putni\u010dka vozila\/SUV (R13-R20)<\/td>\n                        <td>40 \u20ac<\/td>\n                      <\/tr>\n                      <tr>\n                        <td>Terenska vozila (R13-R20)<\/td>\n                        <td>50 \u20ac<\/td>\n                      <\/tr>\n                      <tr>\n                        <td>Gume sa niskim profilom (<40 profila): cena ni\u017ea za 20%<\/td>\n                        <td>&#8211;<\/td>\n                      <\/tr>\n                      <tr>\n                        <td>Skidanje\/postavljanje\/balansiranje<\/td>\n                        <td>30 \u20ac<\/td>\n                      <\/tr>\n                      <tr>\n                        <td>Popravka probu\u0161ene gume (\u010dep)<\/td>\n                        <td>10 \u20ac<\/td>\n                      <\/tr>\n                      <tr>\n                        <td>Skladi\u0161tenje guma (sezona)<\/td>\n                        <td>50 \u20ac<\/td>\n                      <\/tr>\n\n                      <tr class=\"section\">\n                        <td colspan=\"2\">Ko\u010dioni sistem<\/td>\n                      <\/tr>\n                      <tr>\n                        <td>Zamena ko\u010dionih plo\u010dica<\/td>\n                        <td>od 30 \u20ac<\/td>\n                      <\/tr>\n                      <tr>\n                        <td>Zamjena ko\u010dionih diskova<\/td>\n                        <td>od 40 \u20ac<\/td>\n                      <\/tr>\n                    <\/tbody>\n                  <\/table>\n                <\/div>\n            <\/div>\n        <\/div>\n    <\/div>\n<\/section>\n","protected":false},"excerpt":{"rendered":" [&#8230;]<p><a class=\"btn btn-secondary understrap-read-more-link\" href=\"https:\/\/ttautoservice.me\/mn\/cenovnik-mehanika\/\">Read More&#8230;<span class=\"screen-reader-text\"> from Mehanika<\/span><\/a><\/p>","protected":false},"author":1,"featured_media":602,"parent":0,"menu_order":0,"comment_status":"closed","ping_status":"closed","template":"","meta":{"footnotes":""},"class_list":["post-39","page","type-page","status-publish","has-post-thumbnail","hentry"],"_links":{"self":[{"href":"https:\/\/ttautoservice.me\/mn\/wp-json\/wp\/v2\/pages\/39","targetHints":{"allow":["GET"]}}],"collection":[{"href":"https:\/\/ttautoservice.me\/mn\/wp-json\/wp\/v2\/pages"}],"about":[{"href":"https:\/\/ttautoservice.me\/mn\/wp-json\/wp\/v2\/types\/page"}],"author":[{"embeddable":true,"href":"https:\/\/ttautoservice.me\/mn\/wp-json\/wp\/v2\/users\/1"}],"replies":[{"embeddable":true,"href":"https:\/\/ttautoservice.me\/mn\/wp-json\/wp\/v2\/comments?post=39"}],"version-history":[{"count":21,"href":"https:\/\/ttautoservice.me\/mn\/wp-json\/wp\/v2\/pages\/39\/revisions"}],"predecessor-version":[{"id":850,"href":"https:\/\/ttautoservice.me\/mn\/wp-json\/wp\/v2\/pages\/39\/revisions\/850"}],"wp:featuredmedia":[{"embeddable":true,"href":"https:\/\/ttautoservice.me\/mn\/wp-json\/wp\/v2\/media\/602"}],"wp:attachment":[{"href":"https:\/\/ttautoservice.me\/mn\/wp-json\/wp\/v2\/media?parent=39"}],"curies":[{"name":"wp","href":"https:\/\/api.w.org\/{rel}","templated":true}]}}