{"id":658,"date":"2024-10-25T11:21:02","date_gmt":"2024-10-25T11:21:02","guid":{"rendered":"https:\/\/ttautoservice.me\/mn\/?page_id=658"},"modified":"2024-11-26T15:16:12","modified_gmt":"2024-11-26T15:16:12","slug":"defektacija_i_procena_stete","status":"publish","type":"page","link":"https:\/\/ttautoservice.me\/mn\/defektacija_i_procena_stete\/","title":{"rendered":"Defektacija i procena \u0161tete"},"content":{"rendered":"\n<section class=\"ftco-section testimony-section\" style=\"padding: 70px 0 50px;\"> \n    <div class=\"container\">\n        <div class=\"row justify-content-center pb-4\">\n            <div class=\"col-md-7 heading-section text-center ftco-animate fadeInUp ftco-animated\">\n                <span class=\"subheading\">O USLUGAMA<\/span><h2>Defektacija i procena \u0161tete<\/h2>\n            <\/div>\n        <\/div>\n        <div class=\"row ftco-animate\">\n            <div class=\"col-md-12 service-description-main text-main\">\n                <p>\n                    Defektacija i procena \u0161tete je proces dijagnostike i procene stanja delova i sklopova automobila radi otkrivanja kvarova i odre\u0111ivanja tro\u0161kova popravke nakon nezgode ili drugih o\u0161te\u0107enja. Ova faza je posebno va\u017ena za ta\u010dnu procenu stepena o\u0161te\u0107enja ili habanja i izra\u010dunavanje tro\u0161kova za vra\u0107anje automobila u prvobitno stanje.\n                <br\/>\n                   U auto servisu Tri Tona nudimo uslugu defektacije i procene \u0161tete u gradovima Budva, Kotor, Tivat i Radanovi\u0107i.\n                <\/p>\n            <\/div>\n        <\/div>\n    <\/div>\n<\/section>\n<section class=\"ftco-section bg-light\">\n    <div class=\"container\">\n        <div class=\"row justify-content-center\">\n            <div class=\"col-md-12\">\n                <div class=\"wrapper\">\n                    <div class=\"row no-gutters service-description-block\">\n                        <div class=\"col-lg-5 d-flex align-items-stretch\">\n                            <div class=\"heading-section bg-primary w-100 p-5\" style=\"background: #ffffff!important;\">\n                                <div class=\"w-100 pb-3\">\n                                    <p class=\"subheading\">PA\u017dNJA NA DETALJE<\/p>\n                                <\/div>\n                                <div class=\"pb-2\" style=\"margin-top: -30px;\">\n                                    <h2>Defektacija i procena \u0161tete<\/h2>\n                                <\/div>\n                                <div class=\"w-100 pb-1 mb-3\">\n                                    <p class=\"service-description-text\"><b>Proces defektacije uklju\u010duje:<\/b><\/p>\n                                    <ul style=\"font-size: 16px;\">\n                                        <li>Vizuelni pregled delova radi uo\u010davanja o\u010diglednih o\u0161te\u0107enja, pukotina i deformacija.<\/li>\n                                        <li>Kori\u0161\u0107enje specijalizovane opreme za dijagnostiku skrivenih kvarova.\n<\/li>\n                                        <li>Izradu liste delova koji zahtevaju zamenu ili popravku.\n<\/li>\n                                    <\/ul>\n                                    <p class=\"service-description-text\">\n                                        <b>Defektacija i procena \u0161tete posebno su zna\u010dajne za osiguravaju\u0107e kompanije<\/b>, jer omogu\u0107avaju preciznu procenu o\u0161te\u0107enja i izra\u010dunavanje isplata za pokrivanje tro\u0161kova popravke. Ovo poma\u017ee osiguravaju\u0107im kompanijama i klijentima da se dogovore o potrebnim radovima i izbegnu nesporazume.\n                                    <\/p>\n                                    <p class=\"service-description-text\"><b>Za\u0161to je defektacija va\u017ena?<\/b><\/p>\n                                    <ul style=\"font-size: 16px;\">\n                                        <li>Poma\u017ee da se izbegnu nepotrebni tro\u0161kovi za zamenu ispravnih delova i osigurava da sva o\u0161te\u0107enja budu otkrivena pre po\u010detka popravke.<\/li>\n                                        <li>Defektacija produ\u017eava vek trajanja automobila jer pravovremeno otkrivanje problema spre\u010dava njihovo prerastanje u ozbiljnije kvarove.<\/li>\n                                    <\/ul>\n                                <\/div>\n                                <p style=\"margin-bottom: -10px;\"><a href=\"#order\" class=\"btn btn-secondary d-block px-2 py-3\">Poru\u010diti<\/a><\/p>\n                            <\/div>\n                        <\/div>\n                        <div class=\"col-lg-7 d-flex order-first order-md-last\">\n                            <div class=\"contact-wrap w-100\">                                \n                                <div class=\"home-slider owl-carousel\">\n                                    <div class=\"slider-item\" style=\"background-image:url(https:\/\/ttautoservice.me\/mn\/wp-content\/uploads\/2024\/10\/car-damage.jpg); height:900px;\"><\/div>\n                                <\/div>\n                            <\/div>\n                        <\/div>\n                    <\/div>\n                <\/div>\n            <\/div>\n        <\/div>\n    <\/div>\n<\/section>\n<section class=\"hero-wrap hero-wrap-2\" style=\"background-image: url(https:\/\/ttautoservice.me\/mn\/wp-content\/uploads\/2024\/01\/consultacy4.jpg); height: auto; padding: 130px 24px\" data-stellar-background-ratio=\"0.5\" id=\"order\">\n  <div class=\"call-to-action-block\">\n      <div class=\"call-to-action-main\">\n          <div class=\"row\" style=\"min-height: 280px;\">\n              <div class=\"col-md-5 d-none d-md-block\">\n                  <div class=\"col-12 call-to-action-img\"><\/div>\n              <\/div>\n              <div class=\"col-md-7 col-sm-12 call-to-action-main-text\">\n                  <div class=\"pb-3\"><h2>\u017delite li da zaka\u017eete termin ili dobijete konsultaciju?\n<\/h2><\/div>\n                  <p class=\"service-description-text\">\n                      Mo\u017eete nas kontaktirati putem podataka navedenih u odeljku \u201eKontakt\u201c.\n                  <\/p>\n                  <p style=\"margin-bottom: -10px;\"><a href=\"https:\/\/ttautoservice.me\/mn\/kontakti\/#contactform\" class=\"btn btn-secondary d-block px-2 py-3\">Kontakt<\/a><\/p>\n              <\/div>\n          <\/div>\n      <\/div>\n  <\/div>\n<\/section>\n<section class=\"ftco-section testimony-section bg-light\" style=\"padding:10em 0 7em\">\n  <div class=\"container\">\n      <div class=\"row justify-content-center pb-4\">\n          <div class=\"col-md-7 heading-section text-center ftco-animate fadeInUp ftco-animated\">\n              <span class=\"subheading\">Na\u0161a foto galerija<\/span><h2>Defektacija i procena \u0161tete u Budvi, Radanovi\u0107ima, Tivtu, Kotoru<\/h2>\n          <\/div>\n      <\/div>\n      <div class=\"row ftco-animate\">\n          <div class=\"col-md-12\">\n              \t\t\t<style>\r\n                #foogallery-gallery-193.fg-justified .fg-item {\r\n                    margin-right: 2px;\r\n                    margin-bottom: 2px;\r\n                }\r\n\r\n                #foogallery-gallery-193.fg-justified .fg-image {\r\n                    height: 200px;\r\n                }\r\n\t\t\t<\/style>\r\n\t\t\t<div class=\"foogallery foogallery-container foogallery-justified foogallery-lightbox-foogallery fg-justified fg-light fg-shadow-outline fg-loading-partial fg-loaded-fade-in fg-caption-always fg-hover-fade fg-hover-zoom2 fg-ready\" id=\"foogallery-gallery-193\" data-foogallery=\"{&quot;item&quot;:{&quot;showCaptionTitle&quot;:true,&quot;showCaptionDescription&quot;:false},&quot;lazy&quot;:true,&quot;template&quot;:{&quot;rowHeight&quot;:200,&quot;maxRowHeight&quot;:300,&quot;margins&quot;:2,&quot;align&quot;:&quot;center&quot;,&quot;lastRow&quot;:&quot;smart&quot;}}\" data-foogallery-lightbox=\"{&quot;thumbs&quot;:&quot;bottom&quot;,&quot;thumbsCaptions&quot;:false,&quot;thumbsBestFit&quot;:false,&quot;thumbsSmall&quot;:false,&quot;thumbsCaptionsAlign&quot;:&quot;default&quot;,&quot;info&quot;:&quot;bottom&quot;,&quot;infoVisible&quot;:true,&quot;infoOverlay&quot;:true,&quot;infoAlign&quot;:&quot;default&quot;,&quot;transition&quot;:&quot;fade&quot;,&quot;hoverButtons&quot;:false,&quot;fitMedia&quot;:false,&quot;noScrollbars&quot;:true,&quot;preserveButtonSpace&quot;:true,&quot;buttons&quot;:{&quot;fullscreen&quot;:true,&quot;info&quot;:true,&quot;thumbs&quot;:false},&quot;video&quot;:{&quot;autoPlay&quot;:true}}\" >\r\n\t<div class=\"fg-item fg-type-image fg-idle\"><figure class=\"fg-item-inner\"><a href=\"https:\/\/ttautoservice.me\/mn\/wp-content\/uploads\/2024\/01\/wide_kuzov2.jpg\" data-attachment-id=\"626\" data-type=\"image\" class=\"fg-thumb\"><span class=\"fg-image-wrap\"><img fetchpriority=\"high\" decoding=\"async\" height=\"300\" width=\"569\" class=\"skip-lazy fg-image\" data-src-fg=\"https:\/\/ttautoservice.me\/mn\/wp-content\/uploads\/cache\/2024\/01\/wide_kuzov2\/1024448058.jpg\" src=\"data:image\/svg+xml,%3Csvg%20xmlns%3D%22http%3A%2F%2Fwww.w3.org%2F2000%2Fsvg%22%20width%3D%22569%22%20height%3D%22300%22%20viewBox%3D%220%200%20569%20300%22%3E%3C%2Fsvg%3E\" loading=\"eager\"><\/span><span class=\"fg-image-overlay\"><\/span><\/a><figcaption class=\"fg-caption\"><div class=\"fg-caption-inner\"><\/div><\/figcaption><\/figure><div class=\"fg-loader\"><\/div><\/div><div class=\"fg-item fg-type-image fg-idle\"><figure class=\"fg-item-inner\"><a href=\"https:\/\/ttautoservice.me\/mn\/wp-content\/uploads\/2024\/01\/TRI-TONA_195.jpg\" data-attachment-id=\"627\" data-type=\"image\" class=\"fg-thumb\"><span class=\"fg-image-wrap\"><img decoding=\"async\" height=\"300\" width=\"450\" class=\"skip-lazy fg-image\" data-src-fg=\"https:\/\/ttautoservice.me\/mn\/wp-content\/uploads\/cache\/2024\/01\/TRI-TONA_195\/1980919464.jpg\" src=\"data:image\/svg+xml,%3Csvg%20xmlns%3D%22http%3A%2F%2Fwww.w3.org%2F2000%2Fsvg%22%20width%3D%22450%22%20height%3D%22300%22%20viewBox%3D%220%200%20450%20300%22%3E%3C%2Fsvg%3E\" loading=\"eager\"><\/span><span class=\"fg-image-overlay\"><\/span><\/a><figcaption class=\"fg-caption\"><div class=\"fg-caption-inner\"><\/div><\/figcaption><\/figure><div class=\"fg-loader\"><\/div><\/div><div class=\"fg-item fg-type-image fg-idle\"><figure class=\"fg-item-inner\"><a href=\"https:\/\/ttautoservice.me\/mn\/wp-content\/uploads\/2024\/01\/TRI-TONA_039.jpg\" data-attachment-id=\"286\" data-type=\"image\" class=\"fg-thumb\"><span class=\"fg-image-wrap\"><img decoding=\"async\" alt=\"\u0410\u0432\u0442\u043e\u043f\u043e\u043a\u0440\u0430\u0441\u043a\u0430 \u0411\u0443\u0434\u0432\u0430 \u0422\u0438\u0432\u0430\u0442 \u041a\u043e\u0442\u043e\u0440 \u0420\u0430\u0434\u0430\u043d\u043e\u0432\u0438\u0447\u0438\" height=\"300\" width=\"347\" class=\"skip-lazy fg-image\" data-src-fg=\"https:\/\/ttautoservice.me\/mn\/wp-content\/uploads\/cache\/2024\/01\/TRI-TONA_039\/3153177155.jpg\" src=\"data:image\/svg+xml,%3Csvg%20xmlns%3D%22http%3A%2F%2Fwww.w3.org%2F2000%2Fsvg%22%20width%3D%22347%22%20height%3D%22300%22%20viewBox%3D%220%200%20347%20300%22%3E%3C%2Fsvg%3E\" loading=\"eager\"><\/span><span class=\"fg-image-overlay\"><\/span><\/a><figcaption class=\"fg-caption\"><div class=\"fg-caption-inner\"><\/div><\/figcaption><\/figure><div class=\"fg-loader\"><\/div><\/div><div class=\"fg-item fg-type-image fg-idle\"><figure class=\"fg-item-inner\"><a href=\"https:\/\/ttautoservice.me\/mn\/wp-content\/uploads\/2024\/01\/TRI-TONA_016.jpg\" data-attachment-id=\"284\" data-type=\"image\" class=\"fg-thumb\"><span class=\"fg-image-wrap\"><img decoding=\"async\" alt=\"\u0410\u0432\u0442\u043e\u043f\u043e\u043a\u0440\u0430\u0441\u043a\u0430 \u0411\u0443\u0434\u0432\u0430 \u0422\u0438\u0432\u0430\u0442 \u041a\u043e\u0442\u043e\u0440 \u0420\u0430\u0434\u0430\u043d\u043e\u0432\u0438\u0447\u0438\" height=\"300\" width=\"347\" class=\"skip-lazy fg-image\" data-src-fg=\"https:\/\/ttautoservice.me\/mn\/wp-content\/uploads\/cache\/2024\/01\/TRI-TONA_016\/3599104686.jpg\" src=\"data:image\/svg+xml,%3Csvg%20xmlns%3D%22http%3A%2F%2Fwww.w3.org%2F2000%2Fsvg%22%20width%3D%22347%22%20height%3D%22300%22%20viewBox%3D%220%200%20347%20300%22%3E%3C%2Fsvg%3E\" loading=\"eager\"><\/span><span class=\"fg-image-overlay\"><\/span><\/a><figcaption class=\"fg-caption\"><div class=\"fg-caption-inner\"><\/div><\/figcaption><\/figure><div class=\"fg-loader\"><\/div><\/div><div class=\"fg-item fg-type-image fg-idle\"><figure class=\"fg-item-inner\"><a href=\"https:\/\/ttautoservice.me\/mn\/wp-content\/uploads\/2024\/01\/close-up-person-cleaning-car-exterior.jpg\" data-attachment-id=\"144\" data-type=\"image\" class=\"fg-thumb\"><span class=\"fg-image-wrap\"><img decoding=\"async\" alt=\"Ceramic coating\" height=\"300\" width=\"347\" class=\"skip-lazy fg-image\" data-src-fg=\"https:\/\/ttautoservice.me\/mn\/wp-content\/uploads\/cache\/2024\/01\/close-up-person-cleaning-car-exterior\/3038932198.jpg\" src=\"data:image\/svg+xml,%3Csvg%20xmlns%3D%22http%3A%2F%2Fwww.w3.org%2F2000%2Fsvg%22%20width%3D%22347%22%20height%3D%22300%22%20viewBox%3D%220%200%20347%20300%22%3E%3C%2Fsvg%3E\" loading=\"eager\"><\/span><span class=\"fg-image-overlay\"><\/span><\/a><figcaption class=\"fg-caption\"><div class=\"fg-caption-inner\"><\/div><\/figcaption><\/figure><div class=\"fg-loader\"><\/div><\/div><div class=\"fg-item fg-type-image fg-idle\"><figure class=\"fg-item-inner\"><a href=\"https:\/\/ttautoservice.me\/mn\/wp-content\/uploads\/2024\/01\/TRI-TONA_188.jpg\" data-attachment-id=\"148\" data-type=\"image\" class=\"fg-thumb\"><span class=\"fg-image-wrap\"><img decoding=\"async\" alt=\"\u0416\u0435\u0441\u0442\u044f\u043d\u044b\u0435 \u0440\u0430\u0431\u043e\u0442\u044b \u0411\u0443\u0434\u0432\u0430\" height=\"300\" width=\"347\" class=\"skip-lazy fg-image\" data-src-fg=\"https:\/\/ttautoservice.me\/mn\/wp-content\/uploads\/cache\/2024\/01\/TRI-TONA_188\/2761261316.jpg\" src=\"data:image\/svg+xml,%3Csvg%20xmlns%3D%22http%3A%2F%2Fwww.w3.org%2F2000%2Fsvg%22%20width%3D%22347%22%20height%3D%22300%22%20viewBox%3D%220%200%20347%20300%22%3E%3C%2Fsvg%3E\" loading=\"eager\"><\/span><span class=\"fg-image-overlay\"><\/span><\/a><figcaption class=\"fg-caption\"><div class=\"fg-caption-inner\"><\/div><\/figcaption><\/figure><div class=\"fg-loader\"><\/div><\/div><div class=\"fg-item fg-type-image fg-idle\"><figure class=\"fg-item-inner\"><a href=\"https:\/\/ttautoservice.me\/mn\/wp-content\/uploads\/2024\/01\/TRI-TONA_236.jpg\" data-attachment-id=\"149\" data-type=\"image\" class=\"fg-thumb\"><span class=\"fg-image-wrap\"><img decoding=\"async\" alt=\"\u0416\u0435\u0441\u0442\u044f\u043d\u044b\u0435 \u0440\u0430\u0431\u043e\u0442\u044b \u0420\u0430\u0434\u0430\u043d\u043e\u0432\u0438\u0447\u0438\" height=\"300\" width=\"347\" class=\"skip-lazy fg-image\" data-src-fg=\"https:\/\/ttautoservice.me\/mn\/wp-content\/uploads\/cache\/2024\/01\/TRI-TONA_236\/2022965419.jpg\" src=\"data:image\/svg+xml,%3Csvg%20xmlns%3D%22http%3A%2F%2Fwww.w3.org%2F2000%2Fsvg%22%20width%3D%22347%22%20height%3D%22300%22%20viewBox%3D%220%200%20347%20300%22%3E%3C%2Fsvg%3E\" loading=\"eager\"><\/span><span class=\"fg-image-overlay\"><\/span><\/a><figcaption class=\"fg-caption\"><div class=\"fg-caption-inner\"><\/div><\/figcaption><\/figure><div class=\"fg-loader\"><\/div><\/div><div class=\"fg-item fg-type-image fg-idle\"><figure class=\"fg-item-inner\"><a href=\"https:\/\/ttautoservice.me\/mn\/wp-content\/uploads\/2024\/01\/TRI-TONA_246-1.jpg\" data-attachment-id=\"159\" data-type=\"image\" class=\"fg-thumb\"><span class=\"fg-image-wrap\"><img decoding=\"async\" alt=\"\u041a\u0443\u0437\u043e\u0432\u043d\u044b\u0435 \u0440\u0430\u0431\u043e\u0442\u044b \u0411\u0443\u0434\u0432\u0430 \u0420\u0430\u0434\u0430\u043d\u043e\u0432\u0438\u0447\u0438 \u041a\u043e\u0442\u043e\u0440 \u0422\u0438\u0432\u0430\u0442\" height=\"300\" width=\"347\" class=\"skip-lazy fg-image\" data-src-fg=\"https:\/\/ttautoservice.me\/mn\/wp-content\/uploads\/cache\/2024\/01\/TRI-TONA_246-1\/3198468017.jpg\" src=\"data:image\/svg+xml,%3Csvg%20xmlns%3D%22http%3A%2F%2Fwww.w3.org%2F2000%2Fsvg%22%20width%3D%22347%22%20height%3D%22300%22%20viewBox%3D%220%200%20347%20300%22%3E%3C%2Fsvg%3E\" loading=\"eager\"><\/span><span class=\"fg-image-overlay\"><\/span><\/a><figcaption class=\"fg-caption\"><div class=\"fg-caption-inner\"><\/div><\/figcaption><\/figure><div class=\"fg-loader\"><\/div><\/div><div class=\"fg-item fg-type-image fg-idle\"><figure class=\"fg-item-inner\"><a href=\"https:\/\/ttautoservice.me\/mn\/wp-content\/uploads\/2024\/01\/TRI-TONA_053.jpg\" data-attachment-id=\"146\" data-type=\"image\" class=\"fg-thumb\"><span class=\"fg-image-wrap\"><img decoding=\"async\" alt=\"\u0416\u0435\u0441\u0442\u044f\u043d\u044b\u0435 \u0440\u0430\u0431\u043e\u0442\u044b \u0422\u0438\u0432\u0430\u0442\" height=\"300\" width=\"347\" class=\"skip-lazy fg-image\" data-src-fg=\"https:\/\/ttautoservice.me\/mn\/wp-content\/uploads\/cache\/2024\/01\/TRI-TONA_053\/2499742188.jpg\" src=\"data:image\/svg+xml,%3Csvg%20xmlns%3D%22http%3A%2F%2Fwww.w3.org%2F2000%2Fsvg%22%20width%3D%22347%22%20height%3D%22300%22%20viewBox%3D%220%200%20347%20300%22%3E%3C%2Fsvg%3E\" loading=\"eager\"><\/span><span class=\"fg-image-overlay\"><\/span><\/a><figcaption class=\"fg-caption\"><div class=\"fg-caption-inner\"><\/div><\/figcaption><\/figure><div class=\"fg-loader\"><\/div><\/div><div class=\"fg-item fg-type-image fg-idle\"><figure class=\"fg-item-inner\"><a href=\"https:\/\/ttautoservice.me\/mn\/wp-content\/uploads\/2024\/01\/kuzov-main2.jpg\" data-attachment-id=\"85\" data-type=\"image\" class=\"fg-thumb\"><span class=\"fg-image-wrap\"><img decoding=\"async\" alt=\"\u041a\u0443\u0437\u043e\u0432\u043d\u044b\u0435 \u0440\u0430\u0431\u043e\u0442\u044b \u0420\u0430\u0434\u0430\u043d\u043e\u0432\u0438\u0447\u0438 \u0411\u0443\u0434\u0432\u0430 \u041a\u043e\u0442\u043e\u0440 \u0422\u0438\u0432\u0430\u0442\" height=\"300\" width=\"606\" class=\"skip-lazy fg-image\" data-src-fg=\"https:\/\/ttautoservice.me\/mn\/wp-content\/uploads\/cache\/2024\/01\/kuzov-main2\/1531121502.jpg\" src=\"data:image\/svg+xml,%3Csvg%20xmlns%3D%22http%3A%2F%2Fwww.w3.org%2F2000%2Fsvg%22%20width%3D%22606%22%20height%3D%22300%22%20viewBox%3D%220%200%20606%20300%22%3E%3C%2Fsvg%3E\" loading=\"eager\"><\/span><span class=\"fg-image-overlay\"><\/span><\/a><figcaption class=\"fg-caption\"><div class=\"fg-caption-inner\"><\/div><\/figcaption><\/figure><div class=\"fg-loader\"><\/div><\/div><div class=\"fg-item fg-type-image fg-idle\"><figure class=\"fg-item-inner\"><a href=\"https:\/\/ttautoservice.me\/mn\/wp-content\/uploads\/2024\/01\/TRI-TONA_218.jpg\" data-attachment-id=\"628\" data-type=\"image\" class=\"fg-thumb\"><span class=\"fg-image-wrap\"><img decoding=\"async\" height=\"300\" width=\"450\" class=\"skip-lazy fg-image\" data-src-fg=\"https:\/\/ttautoservice.me\/mn\/wp-content\/uploads\/cache\/2024\/01\/TRI-TONA_218\/1855769846.jpg\" src=\"data:image\/svg+xml,%3Csvg%20xmlns%3D%22http%3A%2F%2Fwww.w3.org%2F2000%2Fsvg%22%20width%3D%22450%22%20height%3D%22300%22%20viewBox%3D%220%200%20450%20300%22%3E%3C%2Fsvg%3E\" loading=\"eager\"><\/span><span class=\"fg-image-overlay\"><\/span><\/a><figcaption class=\"fg-caption\"><div class=\"fg-caption-inner\"><\/div><\/figcaption><\/figure><div class=\"fg-loader\"><\/div><\/div><div class=\"fg-item fg-type-image fg-idle\"><figure class=\"fg-item-inner\"><a href=\"https:\/\/ttautoservice.me\/mn\/wp-content\/uploads\/2024\/01\/TRI-TONA_078.jpg\" data-attachment-id=\"263\" data-type=\"image\" class=\"fg-thumb\"><span class=\"fg-image-wrap\"><img decoding=\"async\" alt=\"\u0428\u0438\u043d\u043e\u043c\u043e\u043d\u0442\u0430\u0436 \u0411\u0443\u0434\u0432\u0430 \u0422\u0438\u0432\u0430\u0442 \u041a\u043e\u0442\u043e\u0440 \u0420\u0430\u0434\u0430\u043d\u043e\u0432\u0438\u0447\u0438\" height=\"300\" width=\"347\" class=\"skip-lazy fg-image\" data-src-fg=\"https:\/\/ttautoservice.me\/mn\/wp-content\/uploads\/cache\/2024\/01\/TRI-TONA_078\/2091865138.jpg\" src=\"data:image\/svg+xml,%3Csvg%20xmlns%3D%22http%3A%2F%2Fwww.w3.org%2F2000%2Fsvg%22%20width%3D%22347%22%20height%3D%22300%22%20viewBox%3D%220%200%20347%20300%22%3E%3C%2Fsvg%3E\" loading=\"eager\"><\/span><span class=\"fg-image-overlay\"><\/span><\/a><figcaption class=\"fg-caption\"><div class=\"fg-caption-inner\"><\/div><\/figcaption><\/figure><div class=\"fg-loader\"><\/div><\/div><div class=\"fg-item fg-type-image fg-idle\"><figure class=\"fg-item-inner\"><a href=\"https:\/\/ttautoservice.me\/mn\/wp-content\/uploads\/2024\/01\/TRI-TONA_051.jpg\" data-attachment-id=\"283\" data-type=\"image\" class=\"fg-thumb\"><span class=\"fg-image-wrap\"><img decoding=\"async\" alt=\"\u0410\u0432\u0442\u043e\u043f\u043e\u043a\u0440\u0430\u0441\u043a\u0430 \u0411\u0443\u0434\u0432\u0430 \u0422\u0438\u0432\u0430\u0442 \u041a\u043e\u0442\u043e\u0440 \u0420\u0430\u0434\u0430\u043d\u043e\u0432\u0438\u0447\u0438\" height=\"300\" width=\"347\" class=\"skip-lazy fg-image\" data-src-fg=\"https:\/\/ttautoservice.me\/mn\/wp-content\/uploads\/cache\/2024\/01\/TRI-TONA_051\/1439870448.jpg\" src=\"data:image\/svg+xml,%3Csvg%20xmlns%3D%22http%3A%2F%2Fwww.w3.org%2F2000%2Fsvg%22%20width%3D%22347%22%20height%3D%22300%22%20viewBox%3D%220%200%20347%20300%22%3E%3C%2Fsvg%3E\" loading=\"eager\"><\/span><span class=\"fg-image-overlay\"><\/span><\/a><figcaption class=\"fg-caption\"><div class=\"fg-caption-inner\"><\/div><\/figcaption><\/figure><div class=\"fg-loader\"><\/div><\/div><\/div>\r\n\n          <\/div>\n      <\/div>\n  <\/div>\n<\/section>\n","protected":false},"excerpt":{"rendered":" [&#8230;]<p><a class=\"btn btn-secondary understrap-read-more-link\" href=\"https:\/\/ttautoservice.me\/mn\/defektacija_i_procena_stete\/\">Read More&#8230;<span class=\"screen-reader-text\"> from Defektacija i procena \u0161tete<\/span><\/a><\/p>","protected":false},"author":1,"featured_media":656,"parent":0,"menu_order":0,"comment_status":"closed","ping_status":"closed","template":"","meta":{"footnotes":""},"class_list":["post-658","page","type-page","status-publish","has-post-thumbnail","hentry"],"_links":{"self":[{"href":"https:\/\/ttautoservice.me\/mn\/wp-json\/wp\/v2\/pages\/658","targetHints":{"allow":["GET"]}}],"collection":[{"href":"https:\/\/ttautoservice.me\/mn\/wp-json\/wp\/v2\/pages"}],"about":[{"href":"https:\/\/ttautoservice.me\/mn\/wp-json\/wp\/v2\/types\/page"}],"author":[{"embeddable":true,"href":"https:\/\/ttautoservice.me\/mn\/wp-json\/wp\/v2\/users\/1"}],"replies":[{"embeddable":true,"href":"https:\/\/ttautoservice.me\/mn\/wp-json\/wp\/v2\/comments?post=658"}],"version-history":[{"count":6,"href":"https:\/\/ttautoservice.me\/mn\/wp-json\/wp\/v2\/pages\/658\/revisions"}],"predecessor-version":[{"id":831,"href":"https:\/\/ttautoservice.me\/mn\/wp-json\/wp\/v2\/pages\/658\/revisions\/831"}],"wp:featuredmedia":[{"embeddable":true,"href":"https:\/\/ttautoservice.me\/mn\/wp-json\/wp\/v2\/media\/656"}],"wp:attachment":[{"href":"https:\/\/ttautoservice.me\/mn\/wp-json\/wp\/v2\/media?parent=658"}],"curies":[{"name":"wp","href":"https:\/\/api.w.org\/{rel}","templated":true}]}}